{"id":2958,"date":"2023-05-08T11:18:01","date_gmt":"2023-05-08T11:18:01","guid":{"rendered":"http:\/\/easyconveyors.local\/industries\/conveyor-belts-for-logistics-distribution\/"},"modified":"2024-08-09T13:16:16","modified_gmt":"2024-08-09T13:16:16","slug":"esteiras-transportadoras-para-logistica-e-distribuicao","status":"publish","type":"page","link":"https:\/\/easy-conveyors.com\/pt-pt\/industrias\/esteiras-transportadoras-para-logistica-e-distribuicao\/","title":{"rendered":"Log\u00edstica"},"content":{"rendered":"","protected":false},"excerpt":{"rendered":"","protected":false},"author":2,"featured_media":2650,"parent":2956,"menu_order":0,"comment_status":"closed","ping_status":"closed","template":"page-sectoren.php","meta":{"_acf_changed":false,"footnotes":""},"product_type":[109],"class_list":["post-2958","page","type-page","status-publish","has-post-thumbnail","hentry","product_type-logistics-pt-pt"],"acf":[],"yoast_head":"<!-- This site is optimized with the Yoast SEO plugin v27.3 - https:\/\/yoast.com\/product\/yoast-seo-wordpress\/ -->\n<title>Esteiras transportadoras para log\u00edstica e distribui\u00e7\u00e3o - Easy conveyors<\/title>\n<meta name=\"description\" content=\"Procura solu\u00e7\u00f5es de transporte intralog\u00edstico ou esteiras transportadoras para log\u00edstica e distribui\u00e7\u00e3o? N\u00f3s tratamos de si. Descubra a nossa gama de produtos!\" \/>\n<meta name=\"robots\" content=\"index, follow, max-snippet:-1, max-image-preview:large, max-video-preview:-1\" \/>\n<link rel=\"canonical\" href=\"https:\/\/easy-conveyors.com\/pt-pt\/industrias\/esteiras-transportadoras-para-logistica-e-distribuicao\/\" \/>\n<meta property=\"og:locale\" content=\"pt_PT\" \/>\n<meta property=\"og:type\" content=\"article\" \/>\n<meta property=\"og:title\" content=\"Esteiras transportadoras para log\u00edstica e distribui\u00e7\u00e3o - Easy conveyors\" \/>\n<meta property=\"og:description\" content=\"Procura solu\u00e7\u00f5es de transporte intralog\u00edstico ou esteiras transportadoras para log\u00edstica e distribui\u00e7\u00e3o? N\u00f3s tratamos de si. Descubra a nossa gama de produtos!\" \/>\n<meta property=\"og:url\" content=\"https:\/\/easy-conveyors.com\/pt-pt\/industrias\/esteiras-transportadoras-para-logistica-e-distribuicao\/\" \/>\n<meta property=\"og:site_name\" content=\"Easy conveyors\" \/>\n<meta property=\"article:modified_time\" content=\"2024-08-09T13:16:16+00:00\" \/>\n<meta property=\"og:image\" content=\"https:\/\/easy-conveyors.com\/wp-content\/uploads\/2022\/08\/IMG-20220712-WA0003.jpg\" \/>\n\t<meta property=\"og:image:width\" content=\"1824\" \/>\n\t<meta property=\"og:image:height\" content=\"1368\" \/>\n\t<meta property=\"og:image:type\" content=\"image\/jpeg\" \/>\n<meta name=\"twitter:card\" content=\"summary_large_image\" \/>\n<meta name=\"twitter:label1\" content=\"Est. reading time\" \/>\n\t<meta name=\"twitter:data1\" content=\"2 minutes\" \/>\n<script type=\"application\/ld+json\" class=\"yoast-schema-graph\">{\"@context\":\"https:\\\/\\\/schema.org\",\"@graph\":[{\"@type\":\"WebPage\",\"@id\":\"https:\\\/\\\/easy-conveyors.com\\\/pt-pt\\\/industrias\\\/esteiras-transportadoras-para-logistica-e-distribuicao\\\/\",\"url\":\"https:\\\/\\\/easy-conveyors.com\\\/pt-pt\\\/industrias\\\/esteiras-transportadoras-para-logistica-e-distribuicao\\\/\",\"name\":\"Esteiras transportadoras para log\u00edstica e distribui\u00e7\u00e3o - Easy conveyors\",\"isPartOf\":{\"@id\":\"https:\\\/\\\/easy-conveyors.com\\\/pt-pt\\\/#website\"},\"primaryImageOfPage\":{\"@id\":\"https:\\\/\\\/easy-conveyors.com\\\/pt-pt\\\/industrias\\\/esteiras-transportadoras-para-logistica-e-distribuicao\\\/#primaryimage\"},\"image\":{\"@id\":\"https:\\\/\\\/easy-conveyors.com\\\/pt-pt\\\/industrias\\\/esteiras-transportadoras-para-logistica-e-distribuicao\\\/#primaryimage\"},\"thumbnailUrl\":\"https:\\\/\\\/easy-conveyors.com\\\/wp-content\\\/uploads\\\/2022\\\/08\\\/IMG-20220712-WA0003.jpg\",\"datePublished\":\"2023-05-08T11:18:01+00:00\",\"dateModified\":\"2024-08-09T13:16:16+00:00\",\"description\":\"Procura solu\u00e7\u00f5es de transporte intralog\u00edstico ou esteiras transportadoras para log\u00edstica e distribui\u00e7\u00e3o? N\u00f3s tratamos de si. Descubra a nossa gama de produtos!\",\"breadcrumb\":{\"@id\":\"https:\\\/\\\/easy-conveyors.com\\\/pt-pt\\\/industrias\\\/esteiras-transportadoras-para-logistica-e-distribuicao\\\/#breadcrumb\"},\"inLanguage\":\"pt-PT\",\"potentialAction\":[{\"@type\":\"ReadAction\",\"target\":[\"https:\\\/\\\/easy-conveyors.com\\\/pt-pt\\\/industrias\\\/esteiras-transportadoras-para-logistica-e-distribuicao\\\/\"]}]},{\"@type\":\"ImageObject\",\"inLanguage\":\"pt-PT\",\"@id\":\"https:\\\/\\\/easy-conveyors.com\\\/pt-pt\\\/industrias\\\/esteiras-transportadoras-para-logistica-e-distribuicao\\\/#primaryimage\",\"url\":\"https:\\\/\\\/easy-conveyors.com\\\/wp-content\\\/uploads\\\/2022\\\/08\\\/IMG-20220712-WA0003.jpg\",\"contentUrl\":\"https:\\\/\\\/easy-conveyors.com\\\/wp-content\\\/uploads\\\/2022\\\/08\\\/IMG-20220712-WA0003.jpg\",\"width\":1824,\"height\":1368,\"caption\":\"Exemplo de esteiras transportadoras por cinta de grandes dimens\u00f5es para log\u00edstica e distribui\u00e7\u00e3o. Est\u00e3o instalados no armaz\u00e9m de um dos nossos clientes.\"},{\"@type\":\"BreadcrumbList\",\"@id\":\"https:\\\/\\\/easy-conveyors.com\\\/pt-pt\\\/industrias\\\/esteiras-transportadoras-para-logistica-e-distribuicao\\\/#breadcrumb\",\"itemListElement\":[{\"@type\":\"ListItem\",\"position\":1,\"name\":\"Home\",\"item\":\"https:\\\/\\\/easy-conveyors.com\\\/pt-pt\\\/\"},{\"@type\":\"ListItem\",\"position\":2,\"name\":\"Ind\u00fastrias\"},{\"@type\":\"ListItem\",\"position\":3,\"name\":\"Log\u00edstica\"}]},{\"@type\":\"WebSite\",\"@id\":\"https:\\\/\\\/easy-conveyors.com\\\/pt-pt\\\/#website\",\"url\":\"https:\\\/\\\/easy-conveyors.com\\\/pt-pt\\\/\",\"name\":\"Easy conveyors\",\"description\":\"O seu fornecedor de componentes de sistemas de transporte intralog\u00edsticos\",\"publisher\":{\"@id\":\"https:\\\/\\\/easy-conveyors.com\\\/pt-pt\\\/#organization\"},\"potentialAction\":[{\"@type\":\"SearchAction\",\"target\":{\"@type\":\"EntryPoint\",\"urlTemplate\":\"https:\\\/\\\/easy-conveyors.com\\\/pt-pt\\\/?s={search_term_string}\"},\"query-input\":{\"@type\":\"PropertyValueSpecification\",\"valueRequired\":true,\"valueName\":\"search_term_string\"}}],\"inLanguage\":\"pt-PT\"},{\"@type\":\"Organization\",\"@id\":\"https:\\\/\\\/easy-conveyors.com\\\/pt-pt\\\/#organization\",\"name\":\"Easy conveyors\",\"url\":\"https:\\\/\\\/easy-conveyors.com\\\/pt-pt\\\/\",\"logo\":{\"@type\":\"ImageObject\",\"inLanguage\":\"pt-PT\",\"@id\":\"https:\\\/\\\/easy-conveyors.com\\\/pt-pt\\\/#\\\/schema\\\/logo\\\/image\\\/\",\"url\":\"https:\\\/\\\/easy-conveyors.com\\\/wp-content\\\/uploads\\\/2023\\\/05\\\/logo.svg\",\"contentUrl\":\"https:\\\/\\\/easy-conveyors.com\\\/wp-content\\\/uploads\\\/2023\\\/05\\\/logo.svg\",\"width\":1,\"height\":1,\"caption\":\"Easy conveyors\"},\"image\":{\"@id\":\"https:\\\/\\\/easy-conveyors.com\\\/pt-pt\\\/#\\\/schema\\\/logo\\\/image\\\/\"}}]}<\/script>\n<!-- \/ Yoast SEO plugin. -->","yoast_head_json":{"title":"Esteiras transportadoras para log\u00edstica e distribui\u00e7\u00e3o - Easy conveyors","description":"Procura solu\u00e7\u00f5es de transporte intralog\u00edstico ou esteiras transportadoras para log\u00edstica e distribui\u00e7\u00e3o? N\u00f3s tratamos de si. Descubra a nossa gama de produtos!","robots":{"index":"index","follow":"follow","max-snippet":"max-snippet:-1","max-image-preview":"max-image-preview:large","max-video-preview":"max-video-preview:-1"},"canonical":"https:\/\/easy-conveyors.com\/pt-pt\/industrias\/esteiras-transportadoras-para-logistica-e-distribuicao\/","og_locale":"pt_PT","og_type":"article","og_title":"Esteiras transportadoras para log\u00edstica e distribui\u00e7\u00e3o - Easy conveyors","og_description":"Procura solu\u00e7\u00f5es de transporte intralog\u00edstico ou esteiras transportadoras para log\u00edstica e distribui\u00e7\u00e3o? N\u00f3s tratamos de si. Descubra a nossa gama de produtos!","og_url":"https:\/\/easy-conveyors.com\/pt-pt\/industrias\/esteiras-transportadoras-para-logistica-e-distribuicao\/","og_site_name":"Easy conveyors","article_modified_time":"2024-08-09T13:16:16+00:00","og_image":[{"width":1824,"height":1368,"url":"https:\/\/easy-conveyors.com\/wp-content\/uploads\/2022\/08\/IMG-20220712-WA0003.jpg","type":"image\/jpeg"}],"twitter_card":"summary_large_image","twitter_misc":{"Est. reading time":"2 minutes"},"schema":{"@context":"https:\/\/schema.org","@graph":[{"@type":"WebPage","@id":"https:\/\/easy-conveyors.com\/pt-pt\/industrias\/esteiras-transportadoras-para-logistica-e-distribuicao\/","url":"https:\/\/easy-conveyors.com\/pt-pt\/industrias\/esteiras-transportadoras-para-logistica-e-distribuicao\/","name":"Esteiras transportadoras para log\u00edstica e distribui\u00e7\u00e3o - Easy conveyors","isPartOf":{"@id":"https:\/\/easy-conveyors.com\/pt-pt\/#website"},"primaryImageOfPage":{"@id":"https:\/\/easy-conveyors.com\/pt-pt\/industrias\/esteiras-transportadoras-para-logistica-e-distribuicao\/#primaryimage"},"image":{"@id":"https:\/\/easy-conveyors.com\/pt-pt\/industrias\/esteiras-transportadoras-para-logistica-e-distribuicao\/#primaryimage"},"thumbnailUrl":"https:\/\/easy-conveyors.com\/wp-content\/uploads\/2022\/08\/IMG-20220712-WA0003.jpg","datePublished":"2023-05-08T11:18:01+00:00","dateModified":"2024-08-09T13:16:16+00:00","description":"Procura solu\u00e7\u00f5es de transporte intralog\u00edstico ou esteiras transportadoras para log\u00edstica e distribui\u00e7\u00e3o? N\u00f3s tratamos de si. Descubra a nossa gama de produtos!","breadcrumb":{"@id":"https:\/\/easy-conveyors.com\/pt-pt\/industrias\/esteiras-transportadoras-para-logistica-e-distribuicao\/#breadcrumb"},"inLanguage":"pt-PT","potentialAction":[{"@type":"ReadAction","target":["https:\/\/easy-conveyors.com\/pt-pt\/industrias\/esteiras-transportadoras-para-logistica-e-distribuicao\/"]}]},{"@type":"ImageObject","inLanguage":"pt-PT","@id":"https:\/\/easy-conveyors.com\/pt-pt\/industrias\/esteiras-transportadoras-para-logistica-e-distribuicao\/#primaryimage","url":"https:\/\/easy-conveyors.com\/wp-content\/uploads\/2022\/08\/IMG-20220712-WA0003.jpg","contentUrl":"https:\/\/easy-conveyors.com\/wp-content\/uploads\/2022\/08\/IMG-20220712-WA0003.jpg","width":1824,"height":1368,"caption":"Exemplo de esteiras transportadoras por cinta de grandes dimens\u00f5es para log\u00edstica e distribui\u00e7\u00e3o. Est\u00e3o instalados no armaz\u00e9m de um dos nossos clientes."},{"@type":"BreadcrumbList","@id":"https:\/\/easy-conveyors.com\/pt-pt\/industrias\/esteiras-transportadoras-para-logistica-e-distribuicao\/#breadcrumb","itemListElement":[{"@type":"ListItem","position":1,"name":"Home","item":"https:\/\/easy-conveyors.com\/pt-pt\/"},{"@type":"ListItem","position":2,"name":"Ind\u00fastrias"},{"@type":"ListItem","position":3,"name":"Log\u00edstica"}]},{"@type":"WebSite","@id":"https:\/\/easy-conveyors.com\/pt-pt\/#website","url":"https:\/\/easy-conveyors.com\/pt-pt\/","name":"Easy conveyors","description":"O seu fornecedor de componentes de sistemas de transporte intralog\u00edsticos","publisher":{"@id":"https:\/\/easy-conveyors.com\/pt-pt\/#organization"},"potentialAction":[{"@type":"SearchAction","target":{"@type":"EntryPoint","urlTemplate":"https:\/\/easy-conveyors.com\/pt-pt\/?s={search_term_string}"},"query-input":{"@type":"PropertyValueSpecification","valueRequired":true,"valueName":"search_term_string"}}],"inLanguage":"pt-PT"},{"@type":"Organization","@id":"https:\/\/easy-conveyors.com\/pt-pt\/#organization","name":"Easy conveyors","url":"https:\/\/easy-conveyors.com\/pt-pt\/","logo":{"@type":"ImageObject","inLanguage":"pt-PT","@id":"https:\/\/easy-conveyors.com\/pt-pt\/#\/schema\/logo\/image\/","url":"https:\/\/easy-conveyors.com\/wp-content\/uploads\/2023\/05\/logo.svg","contentUrl":"https:\/\/easy-conveyors.com\/wp-content\/uploads\/2023\/05\/logo.svg","width":1,"height":1,"caption":"Easy conveyors"},"image":{"@id":"https:\/\/easy-conveyors.com\/pt-pt\/#\/schema\/logo\/image\/"}}]}},"_links":{"self":[{"href":"https:\/\/easy-conveyors.com\/pt-pt\/wp-json\/wp\/v2\/pages\/2958","targetHints":{"allow":["GET"]}}],"collection":[{"href":"https:\/\/easy-conveyors.com\/pt-pt\/wp-json\/wp\/v2\/pages"}],"about":[{"href":"https:\/\/easy-conveyors.com\/pt-pt\/wp-json\/wp\/v2\/types\/page"}],"author":[{"embeddable":true,"href":"https:\/\/easy-conveyors.com\/pt-pt\/wp-json\/wp\/v2\/users\/2"}],"replies":[{"embeddable":true,"href":"https:\/\/easy-conveyors.com\/pt-pt\/wp-json\/wp\/v2\/comments?post=2958"}],"version-history":[{"count":1,"href":"https:\/\/easy-conveyors.com\/pt-pt\/wp-json\/wp\/v2\/pages\/2958\/revisions"}],"predecessor-version":[{"id":5488,"href":"https:\/\/easy-conveyors.com\/pt-pt\/wp-json\/wp\/v2\/pages\/2958\/revisions\/5488"}],"up":[{"embeddable":true,"href":"https:\/\/easy-conveyors.com\/pt-pt\/wp-json\/wp\/v2\/pages\/2956"}],"wp:featuredmedia":[{"embeddable":true,"href":"https:\/\/easy-conveyors.com\/pt-pt\/wp-json\/wp\/v2\/media\/2650"}],"wp:attachment":[{"href":"https:\/\/easy-conveyors.com\/pt-pt\/wp-json\/wp\/v2\/media?parent=2958"}],"wp:term":[{"taxonomy":"product_type","embeddable":true,"href":"https:\/\/easy-conveyors.com\/pt-pt\/wp-json\/wp\/v2\/product_type?post=2958"}],"curies":[{"name":"wp","href":"https:\/\/api.w.org\/{rel}","templated":true}]}}